{"id":11,"date":"2023-02-24T14:52:06","date_gmt":"2023-02-24T14:52:06","guid":{"rendered":"https:\/\/weberhof.info\/?page_id=11"},"modified":"2023-12-08T12:32:54","modified_gmt":"2023-12-08T12:32:54","slug":"startseite","status":"publish","type":"page","link":"https:\/\/weberhof.info\/","title":{"rendered":"Startseite"},"content":{"rendered":"\t\t<div data-elementor-type=\"wp-post\" data-elementor-id=\"11\" class=\"elementor elementor-11\">\n\t\t\t\t\t\t\t\t\t<section class=\"elementor-section elementor-top-section elementor-element elementor-element-8e1fabb elementor-section-boxed elementor-section-height-default elementor-section-height-default\" data-id=\"8e1fabb\" data-element_type=\"section\">\n\t\t\t\t\t\t<div class=\"elementor-container elementor-column-gap-default\">\n\t\t\t\t\t<div class=\"elementor-column elementor-col-100 elementor-top-column elementor-element elementor-element-2ab6e6c\" data-id=\"2ab6e6c\" data-element_type=\"column\">\n\t\t\t<div class=\"elementor-widget-wrap elementor-element-populated\">\n\t\t\t\t\t\t\t\t<div class=\"elementor-element elementor-element-3999036 elementor-widget elementor-widget-text-editor\" data-id=\"3999036\" data-element_type=\"widget\" data-widget_type=\"text-editor.default\">\n\t\t\t\t<div class=\"elementor-widget-container\">\n\t\t\t<style>\/*! elementor - v3.17.0 - 08-11-2023 *\/\n.elementor-widget-text-editor.elementor-drop-cap-view-stacked .elementor-drop-cap{background-color:#69727d;color:#fff}.elementor-widget-text-editor.elementor-drop-cap-view-framed .elementor-drop-cap{color:#69727d;border:3px solid;background-color:transparent}.elementor-widget-text-editor:not(.elementor-drop-cap-view-default) .elementor-drop-cap{margin-top:8px}.elementor-widget-text-editor:not(.elementor-drop-cap-view-default) .elementor-drop-cap-letter{width:1em;height:1em}.elementor-widget-text-editor .elementor-drop-cap{float:left;text-align:center;line-height:1;font-size:50px}.elementor-widget-text-editor .elementor-drop-cap-letter{display:inline-block}<\/style>\t\t\t\t<p class=\"MsoNormal\" style=\"text-align: justify; text-justify: inter-ideograph;\"><span style=\"font-size: 11.0pt; font-family: 'Calibri',sans-serif; mso-bidi-font-family: 'Lucida Sans';\">Abschalten, Ausruhen, die Natur genie\u00dfen. Sie suchen einen Ort f\u00fcr einen ruhigen und erholsamen Urlaub? Dann sind Sie beim \u201eWeberhof\u201c im sch\u00f6nen Gais genau richtig. Der Bauernhof befindet sich in ruhiger Lage, &nbsp;umgeben von Wiesen, einem wundersch\u00f6nen Garten mit Kinderspielplatz und einem kleinen Wald.<\/span><\/p>\n<p class=\"MsoNormal\" style=\"text-align: justify; text-justify: inter-ideograph;\"><span style=\"font-size: 11.0pt; font-family: 'Calibri',sans-serif; mso-bidi-font-family: 'Lucida Sans';\">Die verschiedenen Tiere, die den Weberhof Ihr zu Hause nennen, lassen es nie langweilig werden. Von Pferden \u00fcber H\u00fchner, Hasen und Katzen, treffen Sie auf so einige Bewohner am Bauernhof.<br><br>Gerne begleiten wir Sie auch bei Hoff\u00fchrungen und Stallbesuchen.<\/span><\/p>\t\t\t\t\t\t<\/div>\n\t\t\t\t<\/div>\n\t\t\t\t\t<\/div>\n\t\t<\/div>\n\t\t\t\t\t\t\t<\/div>\n\t\t<\/section>\n\t\t\t\t<section class=\"elementor-section elementor-top-section elementor-element elementor-element-8cf1cce elementor-section-boxed elementor-section-height-default elementor-section-height-default\" data-id=\"8cf1cce\" data-element_type=\"section\">\n\t\t\t\t\t\t<div class=\"elementor-container elementor-column-gap-default\">\n\t\t\t\t\t<div class=\"elementor-column elementor-col-33 elementor-top-column elementor-element elementor-element-2a78c7f\" data-id=\"2a78c7f\" data-element_type=\"column\">\n\t\t\t<div class=\"elementor-widget-wrap elementor-element-populated\">\n\t\t\t\t\t\t\t\t<div class=\"elementor-element elementor-element-fcb28e1 elementor-widget elementor-widget-image\" data-id=\"fcb28e1\" data-element_type=\"widget\" data-widget_type=\"image.default\">\n\t\t\t\t<div class=\"elementor-widget-container\">\n\t\t\t<style>\/*! elementor - v3.17.0 - 08-11-2023 *\/\n.elementor-widget-image{text-align:center}.elementor-widget-image a{display:inline-block}.elementor-widget-image a img[src$=\".svg\"]{width:48px}.elementor-widget-image img{vertical-align:middle;display:inline-block}<\/style>\t\t\t\t\t\t\t\t\t\t\t\t<img loading=\"lazy\" decoding=\"async\" width=\"900\" height=\"675\" src=\"https:\/\/weberhof.info\/wp-content\/uploads\/2023\/02\/1.jpg\" class=\"attachment-large size-large wp-image-30\" alt=\"\" srcset=\"https:\/\/weberhof.info\/wp-content\/uploads\/2023\/02\/1.jpg 1000w, https:\/\/weberhof.info\/wp-content\/uploads\/2023\/02\/1-300x225.jpg 300w, https:\/\/weberhof.info\/wp-content\/uploads\/2023\/02\/1-768x576.jpg 768w\" sizes=\"auto, (max-width: 900px) 100vw, 900px\" \/>\t\t\t\t\t\t\t\t\t\t\t\t\t\t\t<\/div>\n\t\t\t\t<\/div>\n\t\t\t\t\t<\/div>\n\t\t<\/div>\n\t\t\t\t<div class=\"elementor-column elementor-col-33 elementor-top-column elementor-element elementor-element-2d1fd13\" data-id=\"2d1fd13\" data-element_type=\"column\">\n\t\t\t<div class=\"elementor-widget-wrap elementor-element-populated\">\n\t\t\t\t\t\t\t\t<div class=\"elementor-element elementor-element-7d2fe3d elementor-widget elementor-widget-image\" data-id=\"7d2fe3d\" data-element_type=\"widget\" data-widget_type=\"image.default\">\n\t\t\t\t<div class=\"elementor-widget-container\">\n\t\t\t\t\t\t\t\t\t\t\t\t\t\t\t<img loading=\"lazy\" decoding=\"async\" width=\"900\" height=\"675\" src=\"https:\/\/weberhof.info\/wp-content\/uploads\/2023\/02\/3.jpg\" class=\"attachment-large size-large wp-image-29\" alt=\"\" srcset=\"https:\/\/weberhof.info\/wp-content\/uploads\/2023\/02\/3.jpg 1000w, https:\/\/weberhof.info\/wp-content\/uploads\/2023\/02\/3-300x225.jpg 300w, https:\/\/weberhof.info\/wp-content\/uploads\/2023\/02\/3-768x576.jpg 768w\" sizes=\"auto, (max-width: 900px) 100vw, 900px\" \/>\t\t\t\t\t\t\t\t\t\t\t\t\t\t\t<\/div>\n\t\t\t\t<\/div>\n\t\t\t\t\t<\/div>\n\t\t<\/div>\n\t\t\t\t<div class=\"elementor-column elementor-col-33 elementor-top-column elementor-element elementor-element-07d7cf9\" data-id=\"07d7cf9\" data-element_type=\"column\">\n\t\t\t<div class=\"elementor-widget-wrap elementor-element-populated\">\n\t\t\t\t\t\t\t\t<div class=\"elementor-element elementor-element-70f6976 elementor-widget elementor-widget-image\" data-id=\"70f6976\" data-element_type=\"widget\" data-widget_type=\"image.default\">\n\t\t\t\t<div class=\"elementor-widget-container\">\n\t\t\t\t\t\t\t\t\t\t\t\t\t\t\t<img loading=\"lazy\" decoding=\"async\" width=\"900\" height=\"675\" src=\"https:\/\/weberhof.info\/wp-content\/uploads\/2023\/02\/2.jpg\" class=\"attachment-large size-large wp-image-28\" alt=\"\" srcset=\"https:\/\/weberhof.info\/wp-content\/uploads\/2023\/02\/2.jpg 1000w, https:\/\/weberhof.info\/wp-content\/uploads\/2023\/02\/2-300x225.jpg 300w, https:\/\/weberhof.info\/wp-content\/uploads\/2023\/02\/2-768x576.jpg 768w\" sizes=\"auto, (max-width: 900px) 100vw, 900px\" \/>\t\t\t\t\t\t\t\t\t\t\t\t\t\t\t<\/div>\n\t\t\t\t<\/div>\n\t\t\t\t\t<\/div>\n\t\t<\/div>\n\t\t\t\t\t\t\t<\/div>\n\t\t<\/section>\n\t\t\t\t<section class=\"elementor-section elementor-top-section elementor-element elementor-element-ffb20ba elementor-section-boxed elementor-section-height-default elementor-section-height-default\" data-id=\"ffb20ba\" data-element_type=\"section\">\n\t\t\t\t\t\t<div class=\"elementor-container elementor-column-gap-default\">\n\t\t\t\t\t<div class=\"elementor-column elementor-col-100 elementor-top-column elementor-element elementor-element-9f69901\" data-id=\"9f69901\" data-element_type=\"column\">\n\t\t\t<div class=\"elementor-widget-wrap elementor-element-populated\">\n\t\t\t\t\t\t\t\t<div class=\"elementor-element elementor-element-295a2c6 elementor-widget elementor-widget-text-editor\" data-id=\"295a2c6\" data-element_type=\"widget\" data-widget_type=\"text-editor.default\">\n\t\t\t\t<div class=\"elementor-widget-container\">\n\t\t\t\t\t\t\t<p style=\"text-align: justify; text-justify: inter-ideograph;\"><span style=\"font-family: Calibri, sans-serif; font-size: 11pt; color: var( --e-global-color-text ); font-weight: var( --e-global-typography-text-font-weight );\">Einige Schritte entfernt vom Hof finden Sie einen Supermarkt, eine Dorfb\u00e4ckerei und einen Metzgereibetrieb. Um Eink\u00e4ufe zu erledigen, k\u00f6nnen Sie Ihr Auto also beruhigt auf dem hofeigenen Parkplatz stehen lassen.<\/span><\/p><p style=\"text-align: justify; text-justify: inter-ideograph;\"><span style=\"font-size: 11.0pt; font-family: 'Calibri',sans-serif; mso-bidi-font-family: 'Lucida Sans';\">Egal ob Sommer oder Winter, die ideale Lage des Weberhofes erm\u00f6glicht einmalige Erlebnisse und macht Ihren Urlaub unvergesslich.<\/span><\/p><p style=\"text-align: justify; text-justify: inter-ideograph;\"><strong><em><span style=\"font-size: 11.0pt; font-family: 'Calibri',sans-serif; mso-bidi-font-family: 'Lucida Sans';\">Wir freuen uns Sie bei uns begr\u00fc\u00dfen zu d\u00fcrfen.<\/span><\/em><\/strong><\/p>\t\t\t\t\t\t<\/div>\n\t\t\t\t<\/div>\n\t\t\t\t\t<\/div>\n\t\t<\/div>\n\t\t\t\t\t\t\t<\/div>\n\t\t<\/section>\n\t\t\t\t\t\t\t<\/div>\n\t\t","protected":false},"excerpt":{"rendered":"<p>Abschalten, Ausruhen, die Natur genie\u00dfen. Sie suchen einen Ort f\u00fcr einen ruhigen und erholsamen Urlaub? Dann sind Sie beim \u201eWeberhof\u201c im sch\u00f6nen Gais genau richtig. Der Bauernhof befindet sich in ruhiger Lage, &nbsp;umgeben von Wiesen, einem wundersch\u00f6nen Garten mit Kinderspielplatz und einem kleinen Wald. Die verschiedenen Tiere, die den Weberhof Ihr zu Hause nennen, lassen [&hellip;]<\/p>\n","protected":false},"author":1,"featured_media":0,"parent":0,"menu_order":0,"comment_status":"closed","ping_status":"closed","template":"elementor_header_footer","meta":{"footnotes":""},"class_list":["post-11","page","type-page","status-publish","hentry"],"_links":{"self":[{"href":"https:\/\/weberhof.info\/index.php\/wp-json\/wp\/v2\/pages\/11","targetHints":{"allow":["GET"]}}],"collection":[{"href":"https:\/\/weberhof.info\/index.php\/wp-json\/wp\/v2\/pages"}],"about":[{"href":"https:\/\/weberhof.info\/index.php\/wp-json\/wp\/v2\/types\/page"}],"author":[{"embeddable":true,"href":"https:\/\/weberhof.info\/index.php\/wp-json\/wp\/v2\/users\/1"}],"replies":[{"embeddable":true,"href":"https:\/\/weberhof.info\/index.php\/wp-json\/wp\/v2\/comments?post=11"}],"version-history":[{"count":63,"href":"https:\/\/weberhof.info\/index.php\/wp-json\/wp\/v2\/pages\/11\/revisions"}],"predecessor-version":[{"id":536,"href":"https:\/\/weberhof.info\/index.php\/wp-json\/wp\/v2\/pages\/11\/revisions\/536"}],"wp:attachment":[{"href":"https:\/\/weberhof.info\/index.php\/wp-json\/wp\/v2\/media?parent=11"}],"curies":[{"name":"wp","href":"https:\/\/api.w.org\/{rel}","templated":true}]}}